{"id":2020,"date":"2023-08-24T19:57:55","date_gmt":"2023-08-24T19:57:55","guid":{"rendered":"https:\/\/themepanthers.com\/nioland\/pages\/?page_id=2020"},"modified":"2025-01-25T21:27:36","modified_gmt":"2025-01-25T19:27:36","slug":"contact-us","status":"publish","type":"page","link":"https:\/\/www.ipidcreator.eu\/sv\/contact-us","title":{"rendered":"Kontakta oss f\u00f6r eventuella fr\u00e5gor eller support"},"content":{"rendered":"<div data-elementor-type=\"wp-page\" data-elementor-id=\"2020\" class=\"elementor elementor-2020\" data-elementor-post-type=\"page\">\n\t\t\t\t\t\t<section class=\"elementor-section elementor-top-section elementor-element elementor-element-d76010b elementor-section-full_width elementor-section-height-default elementor-section-height-default\" data-id=\"d76010b\" data-element_type=\"section\" data-e-type=\"section\" data-settings=\"{&quot;background_background&quot;:&quot;classic&quot;}\">\n\t\t\t\t\t\t<div class=\"elementor-container elementor-column-gap-no\">\n\t\t\t\t\t<div class=\"elementor-column elementor-col-100 elementor-top-column elementor-element elementor-element-57be757\" data-id=\"57be757\" data-element_type=\"column\" data-e-type=\"column\">\n\t\t\t<div class=\"elementor-widget-wrap elementor-element-populated\">\n\t\t\t\t\t\t<div class=\"elementor-element elementor-element-2583b74 elementor-widget elementor-widget-nioland-image-move-v1\" data-id=\"2583b74\" data-element_type=\"widget\" data-e-type=\"widget\" data-widget_type=\"nioland-image-move-v1.default\">\n\t\t\t\t<div class=\"elementor-widget-container\">\n\t\t\t\t\t   <div class=\"move_image_absolute pointer_none animate animate-none animate-duration- animate-delay-\">      \r\n                <img decoding=\"async\" src=\"https:\/\/themepanthers.com\/nioland\/pages\/wp-content\/uploads\/2023\/08\/pattern-1.png\" class=\"class-fluid\" alt=\"alt\" \/>\r\n            <\/div>\r\n    \t\t\t\t<\/div>\n\t\t\t\t<\/div>\n\t\t\t\t<section class=\"elementor-section elementor-inner-section elementor-element elementor-element-1a7c76d elementor-section-boxed elementor-section-height-default elementor-section-height-default\" data-id=\"1a7c76d\" data-element_type=\"section\" data-e-type=\"section\">\n\t\t\t\t\t\t<div class=\"elementor-container elementor-column-gap-default\">\n\t\t\t\t\t<div class=\"elementor-column elementor-col-100 elementor-inner-column elementor-element elementor-element-8d63176\" data-id=\"8d63176\" data-element_type=\"column\" data-e-type=\"column\">\n\t\t\t<div class=\"elementor-widget-wrap elementor-element-populated\">\n\t\t\t\t\t\t<div class=\"elementor-element elementor-element-bf114a5 elementor-widget elementor-widget-nioland-title-v1\" data-id=\"bf114a5\" data-element_type=\"widget\" data-e-type=\"widget\" data-widget_type=\"nioland-title-v1.default\">\n\t\t\t\t<div class=\"elementor-widget-container\">\n\t\t\t\t\t\r\n                    <div class=\"section_title type_one\">\r\n                            <div class=\"overline-title\"> fr\u00e5gor\n<\/div>\r\n                                        <div class=\"title_whole position-relative\">\r\n                                            <h2 class=\"title\">\r\n                                                    Kontakta oss                                                    <\/h2>\r\n                                     \r\n                <\/div>\r\n                                        <p class=\"lead\"> \nKontakta oss f\u00f6r eventuella fr\u00e5gor eller support du kan beh\u00f6va. V\u00e5rt dedikerade team \u00e4r redo att hj\u00e4lpa dig och erbjuda de b\u00e4sta l\u00f6sningarna.<\/p>\r\n                    <\/div>\r\n                    \t\t\t\t<\/div>\n\t\t\t\t<\/div>\n\t\t\t\t\t<\/div>\n\t\t<\/div>\n\t\t\t\t\t<\/div>\n\t\t<\/section>\n\t\t\t\t\t<\/div>\n\t\t<\/div>\n\t\t\t\t\t<\/div>\n\t\t<\/section>\n\t\t\t\t<section class=\"elementor-section elementor-top-section elementor-element elementor-element-7339dec elementor-section-full_width elementor-section-height-default elementor-section-height-default\" data-id=\"7339dec\" data-element_type=\"section\" data-e-type=\"section\" data-settings=\"{&quot;background_background&quot;:&quot;classic&quot;}\">\n\t\t\t\t\t\t<div class=\"elementor-container elementor-column-gap-no\">\n\t\t\t\t\t<div class=\"elementor-column elementor-col-100 elementor-top-column elementor-element elementor-element-b9c8a35\" data-id=\"b9c8a35\" data-element_type=\"column\" data-e-type=\"column\">\n\t\t\t<div class=\"elementor-widget-wrap elementor-element-populated\">\n\t\t\t\t\t\t<section class=\"elementor-section elementor-inner-section elementor-element elementor-element-3598bbc elementor-section-boxed elementor-section-height-default elementor-section-height-default\" data-id=\"3598bbc\" data-element_type=\"section\" data-e-type=\"section\">\n\t\t\t\t\t\t<div class=\"elementor-container elementor-column-gap-extended\">\n\t\t\t\t\t<div class=\"elementor-column elementor-col-50 elementor-inner-column elementor-element elementor-element-de7bd07\" data-id=\"de7bd07\" data-element_type=\"column\" data-e-type=\"column\">\n\t\t\t<div class=\"elementor-widget-wrap elementor-element-populated\">\n\t\t\t\t\t\t<div class=\"elementor-element elementor-element-1d7c78a elementor-widget elementor-widget-nioland-contact-form-v1\" data-id=\"1d7c78a\" data-element_type=\"widget\" data-e-type=\"widget\" data-widget_type=\"nioland-contact-form-v1.default\">\n\t\t\t\t<div class=\"elementor-widget-container\">\n\t\t\t\t\t \r\n    <section class=\"contact_form_box_all\">\r\n        <div class=\"contact_form_shortcode\">\r\n                                                \n<div class=\"wpcf7 no-js\" id=\"wpcf7-f465-o1\" lang=\"en-US\" dir=\"ltr\" data-wpcf7-id=\"465\">\n<div class=\"screen-reader-response\"><p role=\"status\" aria-live=\"polite\" aria-atomic=\"true\"><\/p> <ul><\/ul><\/div>\n<form action=\"\/sv\/wp-json\/wp\/v2\/pages\/2020#wpcf7-f465-o1\" method=\"post\" class=\"wpcf7-form init\" aria-label=\"Kontaktformul\u00e4r\" novalidate=\"novalidate\" data-status=\"init\" data-etm-original-action=\"\/sv\/wp-json\/wp\/v2\/pages\/2020#wpcf7-f465-o1\">\n<fieldset class=\"hidden-fields-container\"><input type=\"hidden\" name=\"_wpcf7\" value=\"465\" \/><input type=\"hidden\" name=\"_wpcf7_version\" value=\"6.1.5\" \/><input type=\"hidden\" name=\"_wpcf7_locale\" value=\"en_US\" \/><input type=\"hidden\" name=\"_wpcf7_unit_tag\" value=\"wpcf7-f465-o1\" \/><input type=\"hidden\" name=\"_wpcf7_container_post\" value=\"0\" \/><input type=\"hidden\" name=\"_wpcf7_posted_data_hash\" value=\"\" \/>\n<\/fieldset>\n<div class=\"row\">\n\t<div class=\"col-lg-12\">\n\t\t<p><label> \u00c4mne <\/label><br \/>\n<span class=\"wpcf7-form-control-wrap\" data-name=\"Subject\"><select class=\"wpcf7-form-control wpcf7-select wpcf7-validates-as-required\" aria-required=\"true\" aria-invalid=\"false\" name=\"Subject\"><option value=\"\">\u2014V\u00e4lj ett alternativ \u2013<\/option><option value=\"Sales question\">F\u00f6rs\u00e4ljningsfr\u00e5ga<\/option><option value=\"Billing question\">Faktureringsfr\u00e5ga<\/option><option value=\"Subscription question\">Prenumerationsfr\u00e5ga<\/option><option value=\"Payment question\">Betalningsfr\u00e5ga<\/option><option value=\"Feature question\">F\u00f6rem\u00e5lsfr\u00e5ga<\/option><option value=\"Technical Support question\">Fr\u00e5ga om teknisk support<\/option><option value=\"Account question\">Kontofr\u00e5ga<\/option><option value=\"Other question\">Annan fr\u00e5ga<\/option><\/select><\/span>\n\t\t<\/p>\n\t<\/div>\n\t<div class=\"col-lg-12\">\n\t\t<p><label> Fullst\u00e4ndigt namn <\/label><br \/>\n<span class=\"wpcf7-form-control-wrap\" data-name=\"your-name\"><input size=\"40\" maxlength=\"400\" class=\"wpcf7-form-control wpcf7-text wpcf7-validates-as-required\" autocomplete=\"name\" aria-required=\"true\" aria-invalid=\"false\" placeholder=\"Ange ditt namn\" value=\"\" type=\"text\" name=\"your-name\" \/><\/span>\n\t\t<\/p>\n\t<\/div>\n\t<div class=\"col-lg-6\">\n\t\t<p><label> Organisation <\/label><br \/>\n<span class=\"wpcf7-form-control-wrap\" data-name=\"your-organisation\"><input size=\"40\" maxlength=\"400\" class=\"wpcf7-form-control wpcf7-text wpcf7-validates-as-required\" autocomplete=\"organisation\" aria-required=\"true\" aria-invalid=\"false\" placeholder=\"Ange din organisation\" value=\"\" type=\"text\" name=\"your-organisation\" \/><\/span>\n\t\t<\/p>\n\t<\/div>\n\t<div class=\"col-lg-6\">\n\t\t<p><label> Land <\/label><br \/>\n<span class=\"wpcf7-form-control-wrap\" data-name=\"your-country\"><input size=\"40\" maxlength=\"400\" class=\"wpcf7-form-control wpcf7-text wpcf7-validates-as-required\" autocomplete=\"country\" aria-required=\"true\" aria-invalid=\"false\" placeholder=\"Ange ditt land\" value=\"\" type=\"text\" name=\"your-country\" \/><\/span>\n\t\t<\/p>\n\t<\/div>\n\t<div class=\"col-lg-6\">\n\t\t<p><label> E-post <\/label><br \/>\n<span class=\"wpcf7-form-control-wrap\" data-name=\"your-email\"><input size=\"40\" maxlength=\"400\" class=\"wpcf7-form-control wpcf7-email wpcf7-validates-as-required wpcf7-text wpcf7-validates-as-email\" autocomplete=\"email\" aria-required=\"true\" aria-invalid=\"false\" placeholder=\"Ange din e-postadress\" value=\"\" type=\"email\" name=\"your-email\" \/><\/span>\n\t\t<\/p>\n\t<\/div>\n\t<div class=\"col-lg-6\">\n\t\t<p><label> Telefonnummer <\/label><br \/>\n<span class=\"wpcf7-form-control-wrap\" data-name=\"phone\"><input size=\"40\" maxlength=\"400\" class=\"wpcf7-form-control wpcf7-text wpcf7-validates-as-required\" aria-required=\"true\" aria-invalid=\"false\" placeholder=\"Ange ditt telefonnummer\" value=\"\" type=\"text\" name=\"phone\" \/><\/span>\n\t\t<\/p>\n\t<\/div>\n\t<div class=\"col-lg-12\">\n\t\t<p><label> Ber\u00e4tta lite om din fr\u00e5ga <\/label><br \/>\n<span class=\"wpcf7-form-control-wrap\" data-name=\"your-message\"><textarea cols=\"40\" rows=\"10\" maxlength=\"2000\" class=\"wpcf7-form-control wpcf7-textarea\" aria-invalid=\"false\" placeholder=\"Skriv in ditt meddelande\" name=\"your-message\"><\/textarea><\/span>\n\t\t<\/p>\n\t<\/div>\n\t<div class=\"col-lg-12\">\n\t\t<p><input class=\"wpcf7-form-control wpcf7-submit has-spinner\" type=\"submit\" value=\"Skicka meddelande\" \/>\n\t\t<\/p>\n\t<\/div>\n<\/div><p style=\"display: none !important;\" class=\"akismet-fields-container\" data-prefix=\"_wpcf7_ak_\"><label>&#916;<textarea name=\"_wpcf7_ak_hp_textarea\" cols=\"45\" rows=\"8\" maxlength=\"100\"><\/textarea><\/label><input type=\"hidden\" id=\"ak_js_1\" name=\"_wpcf7_ak_js\" value=\"207\"\/><script>document.getElementById( \"ak_js_1\" ).setAttribute( \"value\", ( new Date() ).getTime() );<\/script><\/p><div class=\"wpcf7-response-output\" aria-hidden=\"true\"><\/div>\n<input type=\"hidden\" name=\"etm-form-language\" value=\"sv\"\/><\/form>\n<\/div>\n                                \r\n        <\/div>\r\n    <\/section>\r\n \r\n\t\t\t\t\t\t<\/div>\n\t\t\t\t<\/div>\n\t\t\t\t\t<\/div>\n\t\t<\/div>\n\t\t\t\t<div class=\"elementor-column elementor-col-50 elementor-inner-column elementor-element elementor-element-0aee0b0\" data-id=\"0aee0b0\" data-element_type=\"column\" data-e-type=\"column\">\n\t\t\t<div class=\"elementor-widget-wrap elementor-element-populated\">\n\t\t\t\t\t\t<div class=\"elementor-element elementor-element-5ba4d80 elementor-widget elementor-widget-nioland-icon-v1\" data-id=\"5ba4d80\" data-element_type=\"widget\" data-e-type=\"widget\" data-widget_type=\"nioland-icon-v1.default\">\n\t\t\t\t<div class=\"elementor-widget-container\">\n\t\t\t\t\t        \r\n                <div class=\"icon_box_only type_one\">\r\n     \r\n                                                    <div class=\"title_24\">\r\n                    <a href=\"https:\/\/www.ipidcreator.eu\/sv\/features\/\"   >    \r\n                        Planer &amp; Priss\u00e4ttning                    <\/a>\r\n                <\/div>\r\n                                            <p>\nV\u00e4lj bland v\u00e5ra flexibla planer och konkurrenskraftiga prisalternativ f\u00f6r att hitta det b\u00e4sta <\/p>\r\n                        \r\n                            <a class=\"rd_more\" href=\"https:\/\/www.ipidcreator.eu\/sv\/features\/\"   >\r\n                    Se Priss\u00e4ttning<i class=\"ni-arrow-right\"><\/i>\r\n                <\/a> \r\n             \r\n    <\/div>\r\n            \r\n\r\n    \t\t\t\t<\/div>\n\t\t\t\t<\/div>\n\t\t\t\t<div class=\"elementor-element elementor-element-b02aeba elementor-widget elementor-widget-nioland-icon-v1\" data-id=\"b02aeba\" data-element_type=\"widget\" data-e-type=\"widget\" data-widget_type=\"nioland-icon-v1.default\">\n\t\t\t\t<div class=\"elementor-widget-container\">\n\t\t\t\t\t        \r\n                <div class=\"icon_box_only type_one\">\r\n     \r\n                                                    <div class=\"title_24\">\r\n                    <a href=\"https:\/\/www.ipidcreator.eu\/sv\/support\/\"   >    \r\n                        \nVanliga fr\u00e5gor                    <\/a>\r\n                <\/div>\r\n                                            <p>\nHitta svar p\u00e5 vanliga fr\u00e5gor om v\u00e5r produkt eller tj\u00e4nst <\/p>\r\n                        \r\n                            <a class=\"rd_more\" href=\"https:\/\/www.ipidcreator.eu\/sv\/support\/\"   >\r\n                     Se alla fr\u00e5gor<i class=\"ni-arrow-right\"><\/i>\r\n                <\/a> \r\n             \r\n    <\/div>\r\n            \r\n\r\n    \t\t\t\t<\/div>\n\t\t\t\t<\/div>\n\t\t\t\t<div class=\"elementor-element elementor-element-da44528 elementor-widget elementor-widget-nioland-icon-v1\" data-id=\"da44528\" data-element_type=\"widget\" data-e-type=\"widget\" data-widget_type=\"nioland-icon-v1.default\">\n\t\t\t\t<div class=\"elementor-widget-container\">\n\t\t\t\t\t        \r\n                <div class=\"icon_box_only type_one\">\r\n     \r\n                                                    <div class=\"title_24\">\r\n                    <a href=\"\"   >    \r\n                        \nIPIDcreator fr\u00e5n DocRevolution                    <\/a>\r\n                <\/div>\r\n                                            <p>\nDocRevolution B.V.<br>\nBinckhorstlaan 36 - C163<br>\n2516 BE Den Haag<br>\n<br>\nTelefonnummer: +31 85 - 400 51 51<br>\n<br>\nNederl\u00e4ndska handelskammaren: 76073378<\/p>\r\n                        \r\n             \r\n    <\/div>\r\n            \r\n\r\n    \t\t\t\t<\/div>\n\t\t\t\t<\/div>\n\t\t\t\t\t<\/div>\n\t\t<\/div>\n\t\t\t\t\t<\/div>\n\t\t<\/section>\n\t\t\t\t\t<\/div>\n\t\t<\/div>\n\t\t\t\t\t<\/div>\n\t\t<\/section>\n\t\t\t\t<\/div>","protected":false},"excerpt":{"rendered":"<p>Fr\u00e5gor Kontakta oss Kontakta oss f\u00f6r eventuella fr\u00e5gor eller support du kan beh\u00f6va. V\u00e5rt dedikerade team \u00e4r redo att hj\u00e4lpa dig och erbjuda de b\u00e4sta l\u00f6sningarna. \u00c4mne \u2013V\u00e4lj ett alternativ \u2013F\u00f6rs\u00e4ljningsfr\u00e5gaFaktureringsfr\u00e5gorPrenumerationsfr\u00e5gaBetalningsfr\u00e5gaFunktionsfr\u00e5gaTeknisk supportfr\u00e5gaKontofr\u00e5ga\u00d6vrig fr\u00e5ga Fullst\u00e4ndigt namn Organisation Land E-post Telefon Ber\u00e4tta lite om din fr\u00e5ga \u0394 Planer [...]<\/p>","protected":false},"author":1,"featured_media":0,"parent":0,"menu_order":0,"comment_status":"closed","ping_status":"closed","template":"template-homepage.php","meta":{"footnotes":""},"class_list":["post-2020","page","type-page","status-publish","hentry"],"yoast_head":"<!-- This site is optimized with the Yoast SEO plugin v27.4 - https:\/\/yoast.com\/product\/yoast-seo-wordpress\/ -->\n<title>Contact Us for any Inquiries or Support - IPIDcreator<\/title>\n<meta name=\"robots\" content=\"index, follow, max-snippet:-1, max-image-preview:large, max-video-preview:-1\" \/>\n<link rel=\"canonical\" href=\"https:\/\/www.ipidcreator.eu\/sv\/contact-us\/\" \/>\n<meta property=\"og:locale\" content=\"sv_SE\" \/>\n<meta property=\"og:type\" content=\"article\" \/>\n<meta property=\"og:title\" content=\"Contact Us for any Inquiries or Support - IPIDcreator\" \/>\n<meta property=\"og:description\" content=\"questions Contact Us Contact us for any inquiries or support you may need. Our dedicated team is ready to assist you and provide the best solutions. Subject &#8212;Please choose an option&#8212;Sales questionBilling questionSubscription questionPayment questionFeature questionTechnical Support questionAccount questionOther question Full Name Organisation Country Email Phone Tell us a bit about your query &#916; Plans [&hellip;]\" \/>\n<meta property=\"og:url\" content=\"https:\/\/www.ipidcreator.eu\/sv\/contact-us\/\" \/>\n<meta property=\"og:site_name\" content=\"IPIDcreator\" \/>\n<meta property=\"article:modified_time\" content=\"2025-01-25T19:27:36+00:00\" \/>\n<meta property=\"og:image\" content=\"https:\/\/themepanthers.com\/nioland\/pages\/wp-content\/uploads\/2023\/08\/pattern-1.png\" \/>\n<meta name=\"twitter:card\" content=\"summary_large_image\" \/>\n<meta name=\"twitter:label1\" content=\"Ber\u00e4knad l\u00e4stid\" \/>\n\t<meta name=\"twitter:data1\" content=\"1 minut\" \/>\n<script type=\"application\/ld+json\" class=\"yoast-schema-graph\">{\"@context\":\"https:\\\/\\\/schema.org\",\"@graph\":[{\"@type\":\"WebPage\",\"@id\":\"https:\\\/\\\/www.ipidcreator.eu\\\/contact-us\",\"url\":\"https:\\\/\\\/www.ipidcreator.eu\\\/contact-us\",\"name\":\"Contact Us for any Inquiries or Support - IPIDcreator\",\"isPartOf\":{\"@id\":\"https:\\\/\\\/www.ipidcreator.eu\\\/#website\"},\"primaryImageOfPage\":{\"@id\":\"https:\\\/\\\/www.ipidcreator.eu\\\/contact-us#primaryimage\"},\"image\":{\"@id\":\"https:\\\/\\\/www.ipidcreator.eu\\\/contact-us#primaryimage\"},\"thumbnailUrl\":\"https:\\\/\\\/themepanthers.com\\\/nioland\\\/pages\\\/wp-content\\\/uploads\\\/2023\\\/08\\\/pattern-1.png\",\"datePublished\":\"2023-08-24T19:57:55+00:00\",\"dateModified\":\"2025-01-25T19:27:36+00:00\",\"breadcrumb\":{\"@id\":\"https:\\\/\\\/www.ipidcreator.eu\\\/contact-us#breadcrumb\"},\"inLanguage\":\"sv-SE\",\"potentialAction\":[{\"@type\":\"ReadAction\",\"target\":[\"https:\\\/\\\/www.ipidcreator.eu\\\/contact-us\"]}]},{\"@type\":\"ImageObject\",\"inLanguage\":\"sv-SE\",\"@id\":\"https:\\\/\\\/www.ipidcreator.eu\\\/contact-us#primaryimage\",\"url\":\"https:\\\/\\\/themepanthers.com\\\/nioland\\\/pages\\\/wp-content\\\/uploads\\\/2023\\\/08\\\/pattern-1.png\",\"contentUrl\":\"https:\\\/\\\/themepanthers.com\\\/nioland\\\/pages\\\/wp-content\\\/uploads\\\/2023\\\/08\\\/pattern-1.png\"},{\"@type\":\"BreadcrumbList\",\"@id\":\"https:\\\/\\\/www.ipidcreator.eu\\\/contact-us#breadcrumb\",\"itemListElement\":[{\"@type\":\"ListItem\",\"position\":1,\"name\":\"Home\",\"item\":\"https:\\\/\\\/www.ipidcreator.eu\\\/\"},{\"@type\":\"ListItem\",\"position\":2,\"name\":\"Contact Us for any Inquiries or Support\"}]},{\"@type\":\"WebSite\",\"@id\":\"https:\\\/\\\/www.ipidcreator.eu\\\/#website\",\"url\":\"https:\\\/\\\/www.ipidcreator.eu\\\/\",\"name\":\"IPIDcreator - Create Insurance Product Information Documents (IPIDs) Online\",\"description\":\"Create and Publish your IPIDs Online\",\"publisher\":{\"@id\":\"https:\\\/\\\/www.ipidcreator.eu\\\/#organization\"},\"potentialAction\":[{\"@type\":\"SearchAction\",\"target\":{\"@type\":\"EntryPoint\",\"urlTemplate\":\"https:\\\/\\\/www.ipidcreator.eu\\\/?s={search_term_string}\"},\"query-input\":{\"@type\":\"PropertyValueSpecification\",\"valueRequired\":true,\"valueName\":\"search_term_string\"}}],\"inLanguage\":\"sv-SE\"},{\"@type\":\"Organization\",\"@id\":\"https:\\\/\\\/www.ipidcreator.eu\\\/#organization\",\"name\":\"IPIDcreator by DocRevolution\",\"url\":\"https:\\\/\\\/www.ipidcreator.eu\\\/\",\"logo\":{\"@type\":\"ImageObject\",\"inLanguage\":\"sv-SE\",\"@id\":\"https:\\\/\\\/www.ipidcreator.eu\\\/#\\\/schema\\\/logo\\\/image\\\/\",\"url\":\"https:\\\/\\\/www.ipidcreator.eu\\\/wp-content\\\/uploads\\\/2023\\\/07\\\/IPID-creator_application_logo.png\",\"contentUrl\":\"https:\\\/\\\/www.ipidcreator.eu\\\/wp-content\\\/uploads\\\/2023\\\/07\\\/IPID-creator_application_logo.png\",\"width\":252,\"height\":48,\"caption\":\"IPIDcreator by DocRevolution\"},\"image\":{\"@id\":\"https:\\\/\\\/www.ipidcreator.eu\\\/#\\\/schema\\\/logo\\\/image\\\/\"}}]}<\/script>\n<!-- \/ Yoast SEO plugin. -->","yoast_head_json":{"title":"Contact Us for any Inquiries or Support - IPIDcreator","robots":{"index":"index","follow":"follow","max-snippet":"max-snippet:-1","max-image-preview":"max-image-preview:large","max-video-preview":"max-video-preview:-1"},"canonical":"https:\/\/www.ipidcreator.eu\/sv\/contact-us\/","og_locale":"sv_SE","og_type":"article","og_title":"Contact Us for any Inquiries or Support - IPIDcreator","og_description":"questions Contact Us Contact us for any inquiries or support you may need. Our dedicated team is ready to assist you and provide the best solutions. Subject &#8212;Please choose an option&#8212;Sales questionBilling questionSubscription questionPayment questionFeature questionTechnical Support questionAccount questionOther question Full Name Organisation Country Email Phone Tell us a bit about your query &#916; Plans [&hellip;]","og_url":"https:\/\/www.ipidcreator.eu\/sv\/contact-us\/","og_site_name":"IPIDcreator","article_modified_time":"2025-01-25T19:27:36+00:00","og_image":[{"url":"https:\/\/themepanthers.com\/nioland\/pages\/wp-content\/uploads\/2023\/08\/pattern-1.png","type":"","width":"","height":""}],"twitter_card":"summary_large_image","twitter_misc":{"Ber\u00e4knad l\u00e4stid":"1 minut"},"schema":{"@context":"https:\/\/schema.org","@graph":[{"@type":"WebPage","@id":"https:\/\/www.ipidcreator.eu\/contact-us","url":"https:\/\/www.ipidcreator.eu\/contact-us","name":"Contact Us for any Inquiries or Support - IPIDcreator","isPartOf":{"@id":"https:\/\/www.ipidcreator.eu\/#website"},"primaryImageOfPage":{"@id":"https:\/\/www.ipidcreator.eu\/contact-us#primaryimage"},"image":{"@id":"https:\/\/www.ipidcreator.eu\/contact-us#primaryimage"},"thumbnailUrl":"https:\/\/themepanthers.com\/nioland\/pages\/wp-content\/uploads\/2023\/08\/pattern-1.png","datePublished":"2023-08-24T19:57:55+00:00","dateModified":"2025-01-25T19:27:36+00:00","breadcrumb":{"@id":"https:\/\/www.ipidcreator.eu\/contact-us#breadcrumb"},"inLanguage":"sv-SE","potentialAction":[{"@type":"ReadAction","target":["https:\/\/www.ipidcreator.eu\/contact-us"]}]},{"@type":"ImageObject","inLanguage":"sv-SE","@id":"https:\/\/www.ipidcreator.eu\/contact-us#primaryimage","url":"https:\/\/themepanthers.com\/nioland\/pages\/wp-content\/uploads\/2023\/08\/pattern-1.png","contentUrl":"https:\/\/themepanthers.com\/nioland\/pages\/wp-content\/uploads\/2023\/08\/pattern-1.png"},{"@type":"BreadcrumbList","@id":"https:\/\/www.ipidcreator.eu\/contact-us#breadcrumb","itemListElement":[{"@type":"ListItem","position":1,"name":"Home","item":"https:\/\/www.ipidcreator.eu\/"},{"@type":"ListItem","position":2,"name":"Contact Us for any Inquiries or Support"}]},{"@type":"WebSite","@id":"https:\/\/www.ipidcreator.eu\/#website","url":"https:\/\/www.ipidcreator.eu\/","name":"IPIDcreator - Create Insurance Product Information Documents (IPIDs) Online","description":"Create and Publish your IPIDs Online","publisher":{"@id":"https:\/\/www.ipidcreator.eu\/#organization"},"potentialAction":[{"@type":"SearchAction","target":{"@type":"EntryPoint","urlTemplate":"https:\/\/www.ipidcreator.eu\/?s={search_term_string}"},"query-input":{"@type":"PropertyValueSpecification","valueRequired":true,"valueName":"search_term_string"}}],"inLanguage":"sv-SE"},{"@type":"Organization","@id":"https:\/\/www.ipidcreator.eu\/#organization","name":"IPIDcreator by DocRevolution","url":"https:\/\/www.ipidcreator.eu\/","logo":{"@type":"ImageObject","inLanguage":"sv-SE","@id":"https:\/\/www.ipidcreator.eu\/#\/schema\/logo\/image\/","url":"https:\/\/www.ipidcreator.eu\/wp-content\/uploads\/2023\/07\/IPID-creator_application_logo.png","contentUrl":"https:\/\/www.ipidcreator.eu\/wp-content\/uploads\/2023\/07\/IPID-creator_application_logo.png","width":252,"height":48,"caption":"IPIDcreator by DocRevolution"},"image":{"@id":"https:\/\/www.ipidcreator.eu\/#\/schema\/logo\/image\/"}}]}},"_links":{"self":[{"href":"https:\/\/www.ipidcreator.eu\/sv\/wp-json\/wp\/v2\/pages\/2020","targetHints":{"allow":["GET"]}}],"collection":[{"href":"https:\/\/www.ipidcreator.eu\/sv\/wp-json\/wp\/v2\/pages"}],"about":[{"href":"https:\/\/www.ipidcreator.eu\/sv\/wp-json\/wp\/v2\/types\/page"}],"author":[{"embeddable":true,"href":"https:\/\/www.ipidcreator.eu\/sv\/wp-json\/wp\/v2\/users\/1"}],"replies":[{"embeddable":true,"href":"https:\/\/www.ipidcreator.eu\/sv\/wp-json\/wp\/v2\/comments?post=2020"}],"version-history":[{"count":30,"href":"https:\/\/www.ipidcreator.eu\/sv\/wp-json\/wp\/v2\/pages\/2020\/revisions"}],"predecessor-version":[{"id":9441,"href":"https:\/\/www.ipidcreator.eu\/sv\/wp-json\/wp\/v2\/pages\/2020\/revisions\/9441"}],"wp:attachment":[{"href":"https:\/\/www.ipidcreator.eu\/sv\/wp-json\/wp\/v2\/media?parent=2020"}],"curies":[{"name":"wp","href":"https:\/\/api.w.org\/{rel}","templated":true}]}}