{"id":2012,"date":"2023-08-24T19:56:56","date_gmt":"2023-08-24T19:56:56","guid":{"rendered":"https:\/\/themepanthers.com\/nioland\/pages\/?page_id=2012"},"modified":"2025-01-25T21:29:21","modified_gmt":"2025-01-25T19:29:21","slug":"online-demo","status":"publish","type":"page","link":"https:\/\/www.ipidcreator.eu\/es\/online-demo","title":{"rendered":"Programe una demostraci\u00f3n de IPIDcreator en l\u00ednea"},"content":{"rendered":"<div data-elementor-type=\"wp-page\" data-elementor-id=\"2012\" class=\"elementor elementor-2012\" data-elementor-post-type=\"page\">\n\t\t\t\t\t\t<section class=\"elementor-section elementor-top-section elementor-element elementor-element-003a1c4 elementor-section-full_width elementor-section-height-default elementor-section-height-default\" data-id=\"003a1c4\" data-element_type=\"section\" data-e-type=\"section\" data-settings=\"{&quot;background_background&quot;:&quot;classic&quot;}\">\n\t\t\t\t\t\t<div class=\"elementor-container elementor-column-gap-no\">\n\t\t\t\t\t<div class=\"elementor-column elementor-col-100 elementor-top-column elementor-element elementor-element-488ec95\" data-id=\"488ec95\" data-element_type=\"column\" data-e-type=\"column\">\n\t\t\t<div class=\"elementor-widget-wrap elementor-element-populated\">\n\t\t\t\t\t\t<div class=\"elementor-element elementor-element-b1b77df elementor-widget elementor-widget-nioland-image-move-v1\" data-id=\"b1b77df\" data-element_type=\"widget\" data-e-type=\"widget\" data-widget_type=\"nioland-image-move-v1.default\">\n\t\t\t\t<div class=\"elementor-widget-container\">\n\t\t\t\t\t   <div class=\"move_image_absolute pointer_none animate animate-none animate-duration- animate-delay-\">      \r\n                <img decoding=\"async\" src=\"https:\/\/themepanthers.com\/nioland\/pages\/wp-content\/uploads\/2023\/08\/pattern-1.png\" class=\"class-fluid\" alt=\"alt\" \/>\r\n            <\/div>\r\n    \t\t\t\t<\/div>\n\t\t\t\t<\/div>\n\t\t\t\t<section class=\"elementor-section elementor-inner-section elementor-element elementor-element-ba49fa8 elementor-section-boxed elementor-section-height-default elementor-section-height-default\" data-id=\"ba49fa8\" data-element_type=\"section\" data-e-type=\"section\">\n\t\t\t\t\t\t<div class=\"elementor-container elementor-column-gap-default\">\n\t\t\t\t\t<div class=\"elementor-column elementor-col-100 elementor-inner-column elementor-element elementor-element-4a516a8\" data-id=\"4a516a8\" data-element_type=\"column\" data-e-type=\"column\">\n\t\t\t<div class=\"elementor-widget-wrap elementor-element-populated\">\n\t\t\t\t\t\t<div class=\"elementor-element elementor-element-6579992 elementor-invisible elementor-widget elementor-widget-nioland-title-v1\" data-id=\"6579992\" data-element_type=\"widget\" data-e-type=\"widget\" data-settings=\"{&quot;_animation&quot;:&quot;fadeInUp&quot;}\" data-widget_type=\"nioland-title-v1.default\">\n\t\t\t\t<div class=\"elementor-widget-container\">\n\t\t\t\t\t\r\n                    <div class=\"section_title type_one\">\r\n                            <div class=\"overline-title\"> DEMO EN L\u00cdNEA\n<\/div>\r\n                                        <div class=\"title_whole position-relative\">\r\n                                            <h2 class=\"title\">\r\n                                                    Programar una demostraci\u00f3n                                                    <\/h2>\r\n                                     \r\n                <\/div>\r\n                                        <p class=\"lead\"> \n\u00bfTe gustar\u00eda ver m\u00e1s? Programe una demostraci\u00f3n en l\u00ednea para usted y su equipo. Re\u00fana a todos los involucrados para una gira digital.<\/p>\r\n                    <\/div>\r\n                    \t\t\t\t<\/div>\n\t\t\t\t<\/div>\n\t\t\t\t\t<\/div>\n\t\t<\/div>\n\t\t\t\t\t<\/div>\n\t\t<\/section>\n\t\t\t\t\t<\/div>\n\t\t<\/div>\n\t\t\t\t\t<\/div>\n\t\t<\/section>\n\t\t<div class=\"elementor-element elementor-element-f33f528 e-flex e-con-boxed e-con e-parent\" data-id=\"f33f528\" data-element_type=\"container\" data-e-type=\"container\">\n\t\t\t\t\t<div class=\"e-con-inner\">\n\t\t\t\t<div class=\"elementor-element elementor-element-fed3c57 elementor-widget elementor-widget-html\" data-id=\"fed3c57\" data-element_type=\"widget\" data-e-type=\"widget\" data-widget_type=\"html.default\">\n\t\t\t\t<div class=\"elementor-widget-container\">\n\t\t\t\t\t<!-- Calendly inline widget begin -->\n<div class=\"calendly-inline-widget\" data-url=\"https:\/\/calendly.com\/docrev\/online-demo?hide_gdpr_banner=1\" style=\"min-width:320px;height:700px;\"><\/div>\n<script type=\"text\/javascript\" src=\"https:\/\/assets.calendly.com\/assets\/external\/widget.js\" async><\/script>\n<!-- Calendly inline widget end -->\t\t\t\t<\/div>\n\t\t\t\t<\/div>\n\t\t\t\t\t<\/div>\n\t\t\t\t<\/div>\n\t\t\t\t<\/div>","protected":false},"excerpt":{"rendered":"<p>DEMO ONLINE Programe una demostraci\u00f3n \u00bfLe gustar\u00eda ver m\u00e1s? Programe una demostraci\u00f3n en l\u00ednea para usted y su equipo. Re\u00fana a todos los involucrados para una gira digital.<\/p>","protected":false},"author":1,"featured_media":0,"parent":0,"menu_order":0,"comment_status":"closed","ping_status":"closed","template":"template-homepage.php","meta":{"footnotes":""},"class_list":["post-2012","page","type-page","status-publish","hentry"],"yoast_head":"<!-- This site is optimized with the Yoast SEO plugin v27.4 - https:\/\/yoast.com\/product\/yoast-seo-wordpress\/ -->\n<title>Schedule an Online IPIDcreator Demo - IPIDcreator<\/title>\n<meta name=\"robots\" content=\"index, follow, max-snippet:-1, max-image-preview:large, max-video-preview:-1\" \/>\n<link rel=\"canonical\" href=\"https:\/\/www.ipidcreator.eu\/es\/online-demo\/\" \/>\n<meta property=\"og:locale\" content=\"es_ES\" \/>\n<meta property=\"og:type\" content=\"article\" \/>\n<meta property=\"og:title\" content=\"Schedule an Online IPIDcreator Demo - IPIDcreator\" \/>\n<meta property=\"og:description\" content=\"ONLINE DEMO Schedule a demo Would you like to see more? Schedule an online demonstration for you and your team. Gather everyone involved for a digital tour.\" \/>\n<meta property=\"og:url\" content=\"https:\/\/www.ipidcreator.eu\/es\/online-demo\/\" \/>\n<meta property=\"og:site_name\" content=\"IPIDcreator\" \/>\n<meta property=\"article:modified_time\" content=\"2025-01-25T19:29:21+00:00\" \/>\n<meta property=\"og:image\" content=\"https:\/\/themepanthers.com\/nioland\/pages\/wp-content\/uploads\/2023\/08\/pattern-1.png\" \/>\n<meta name=\"twitter:card\" content=\"summary_large_image\" \/>\n<meta name=\"twitter:label1\" content=\"Tiempo de lectura\" \/>\n\t<meta name=\"twitter:data1\" content=\"1 minute\" \/>\n<script type=\"application\/ld+json\" class=\"yoast-schema-graph\">{\"@context\":\"https:\\\/\\\/schema.org\",\"@graph\":[{\"@type\":\"WebPage\",\"@id\":\"https:\\\/\\\/www.ipidcreator.eu\\\/online-demo\",\"url\":\"https:\\\/\\\/www.ipidcreator.eu\\\/online-demo\",\"name\":\"Schedule an Online IPIDcreator Demo - IPIDcreator\",\"isPartOf\":{\"@id\":\"https:\\\/\\\/www.ipidcreator.eu\\\/#website\"},\"primaryImageOfPage\":{\"@id\":\"https:\\\/\\\/www.ipidcreator.eu\\\/online-demo#primaryimage\"},\"image\":{\"@id\":\"https:\\\/\\\/www.ipidcreator.eu\\\/online-demo#primaryimage\"},\"thumbnailUrl\":\"https:\\\/\\\/themepanthers.com\\\/nioland\\\/pages\\\/wp-content\\\/uploads\\\/2023\\\/08\\\/pattern-1.png\",\"datePublished\":\"2023-08-24T19:56:56+00:00\",\"dateModified\":\"2025-01-25T19:29:21+00:00\",\"breadcrumb\":{\"@id\":\"https:\\\/\\\/www.ipidcreator.eu\\\/online-demo#breadcrumb\"},\"inLanguage\":\"es-ES\",\"potentialAction\":[{\"@type\":\"ReadAction\",\"target\":[\"https:\\\/\\\/www.ipidcreator.eu\\\/online-demo\"]}]},{\"@type\":\"ImageObject\",\"inLanguage\":\"es-ES\",\"@id\":\"https:\\\/\\\/www.ipidcreator.eu\\\/online-demo#primaryimage\",\"url\":\"https:\\\/\\\/themepanthers.com\\\/nioland\\\/pages\\\/wp-content\\\/uploads\\\/2023\\\/08\\\/pattern-1.png\",\"contentUrl\":\"https:\\\/\\\/themepanthers.com\\\/nioland\\\/pages\\\/wp-content\\\/uploads\\\/2023\\\/08\\\/pattern-1.png\"},{\"@type\":\"BreadcrumbList\",\"@id\":\"https:\\\/\\\/www.ipidcreator.eu\\\/online-demo#breadcrumb\",\"itemListElement\":[{\"@type\":\"ListItem\",\"position\":1,\"name\":\"Home\",\"item\":\"https:\\\/\\\/www.ipidcreator.eu\\\/\"},{\"@type\":\"ListItem\",\"position\":2,\"name\":\"Schedule an Online IPIDcreator Demo\"}]},{\"@type\":\"WebSite\",\"@id\":\"https:\\\/\\\/www.ipidcreator.eu\\\/#website\",\"url\":\"https:\\\/\\\/www.ipidcreator.eu\\\/\",\"name\":\"IPIDcreator - Create Insurance Product Information Documents (IPIDs) Online\",\"description\":\"Create and Publish your IPIDs Online\",\"publisher\":{\"@id\":\"https:\\\/\\\/www.ipidcreator.eu\\\/#organization\"},\"potentialAction\":[{\"@type\":\"SearchAction\",\"target\":{\"@type\":\"EntryPoint\",\"urlTemplate\":\"https:\\\/\\\/www.ipidcreator.eu\\\/?s={search_term_string}\"},\"query-input\":{\"@type\":\"PropertyValueSpecification\",\"valueRequired\":true,\"valueName\":\"search_term_string\"}}],\"inLanguage\":\"es-ES\"},{\"@type\":\"Organization\",\"@id\":\"https:\\\/\\\/www.ipidcreator.eu\\\/#organization\",\"name\":\"IPIDcreator by DocRevolution\",\"url\":\"https:\\\/\\\/www.ipidcreator.eu\\\/\",\"logo\":{\"@type\":\"ImageObject\",\"inLanguage\":\"es-ES\",\"@id\":\"https:\\\/\\\/www.ipidcreator.eu\\\/#\\\/schema\\\/logo\\\/image\\\/\",\"url\":\"https:\\\/\\\/www.ipidcreator.eu\\\/wp-content\\\/uploads\\\/2023\\\/07\\\/IPID-creator_application_logo.png\",\"contentUrl\":\"https:\\\/\\\/www.ipidcreator.eu\\\/wp-content\\\/uploads\\\/2023\\\/07\\\/IPID-creator_application_logo.png\",\"width\":252,\"height\":48,\"caption\":\"IPIDcreator by DocRevolution\"},\"image\":{\"@id\":\"https:\\\/\\\/www.ipidcreator.eu\\\/#\\\/schema\\\/logo\\\/image\\\/\"}}]}<\/script>\n<!-- \/ Yoast SEO plugin. -->","yoast_head_json":{"title":"Schedule an Online IPIDcreator Demo - IPIDcreator","robots":{"index":"index","follow":"follow","max-snippet":"max-snippet:-1","max-image-preview":"max-image-preview:large","max-video-preview":"max-video-preview:-1"},"canonical":"https:\/\/www.ipidcreator.eu\/es\/online-demo\/","og_locale":"es_ES","og_type":"article","og_title":"Schedule an Online IPIDcreator Demo - IPIDcreator","og_description":"ONLINE DEMO Schedule a demo Would you like to see more? Schedule an online demonstration for you and your team. Gather everyone involved for a digital tour.","og_url":"https:\/\/www.ipidcreator.eu\/es\/online-demo\/","og_site_name":"IPIDcreator","article_modified_time":"2025-01-25T19:29:21+00:00","og_image":[{"url":"https:\/\/themepanthers.com\/nioland\/pages\/wp-content\/uploads\/2023\/08\/pattern-1.png","type":"","width":"","height":""}],"twitter_card":"summary_large_image","twitter_misc":{"Tiempo de lectura":"1 minute"},"schema":{"@context":"https:\/\/schema.org","@graph":[{"@type":"WebPage","@id":"https:\/\/www.ipidcreator.eu\/online-demo","url":"https:\/\/www.ipidcreator.eu\/online-demo","name":"Schedule an Online IPIDcreator Demo - IPIDcreator","isPartOf":{"@id":"https:\/\/www.ipidcreator.eu\/#website"},"primaryImageOfPage":{"@id":"https:\/\/www.ipidcreator.eu\/online-demo#primaryimage"},"image":{"@id":"https:\/\/www.ipidcreator.eu\/online-demo#primaryimage"},"thumbnailUrl":"https:\/\/themepanthers.com\/nioland\/pages\/wp-content\/uploads\/2023\/08\/pattern-1.png","datePublished":"2023-08-24T19:56:56+00:00","dateModified":"2025-01-25T19:29:21+00:00","breadcrumb":{"@id":"https:\/\/www.ipidcreator.eu\/online-demo#breadcrumb"},"inLanguage":"es-ES","potentialAction":[{"@type":"ReadAction","target":["https:\/\/www.ipidcreator.eu\/online-demo"]}]},{"@type":"ImageObject","inLanguage":"es-ES","@id":"https:\/\/www.ipidcreator.eu\/online-demo#primaryimage","url":"https:\/\/themepanthers.com\/nioland\/pages\/wp-content\/uploads\/2023\/08\/pattern-1.png","contentUrl":"https:\/\/themepanthers.com\/nioland\/pages\/wp-content\/uploads\/2023\/08\/pattern-1.png"},{"@type":"BreadcrumbList","@id":"https:\/\/www.ipidcreator.eu\/online-demo#breadcrumb","itemListElement":[{"@type":"ListItem","position":1,"name":"Home","item":"https:\/\/www.ipidcreator.eu\/"},{"@type":"ListItem","position":2,"name":"Schedule an Online IPIDcreator Demo"}]},{"@type":"WebSite","@id":"https:\/\/www.ipidcreator.eu\/#website","url":"https:\/\/www.ipidcreator.eu\/","name":"IPIDcreator - Create Insurance Product Information Documents (IPIDs) Online","description":"Create and Publish your IPIDs Online","publisher":{"@id":"https:\/\/www.ipidcreator.eu\/#organization"},"potentialAction":[{"@type":"SearchAction","target":{"@type":"EntryPoint","urlTemplate":"https:\/\/www.ipidcreator.eu\/?s={search_term_string}"},"query-input":{"@type":"PropertyValueSpecification","valueRequired":true,"valueName":"search_term_string"}}],"inLanguage":"es-ES"},{"@type":"Organization","@id":"https:\/\/www.ipidcreator.eu\/#organization","name":"IPIDcreator by DocRevolution","url":"https:\/\/www.ipidcreator.eu\/","logo":{"@type":"ImageObject","inLanguage":"es-ES","@id":"https:\/\/www.ipidcreator.eu\/#\/schema\/logo\/image\/","url":"https:\/\/www.ipidcreator.eu\/wp-content\/uploads\/2023\/07\/IPID-creator_application_logo.png","contentUrl":"https:\/\/www.ipidcreator.eu\/wp-content\/uploads\/2023\/07\/IPID-creator_application_logo.png","width":252,"height":48,"caption":"IPIDcreator by DocRevolution"},"image":{"@id":"https:\/\/www.ipidcreator.eu\/#\/schema\/logo\/image\/"}}]}},"_links":{"self":[{"href":"https:\/\/www.ipidcreator.eu\/es\/wp-json\/wp\/v2\/pages\/2012","targetHints":{"allow":["GET"]}}],"collection":[{"href":"https:\/\/www.ipidcreator.eu\/es\/wp-json\/wp\/v2\/pages"}],"about":[{"href":"https:\/\/www.ipidcreator.eu\/es\/wp-json\/wp\/v2\/types\/page"}],"author":[{"embeddable":true,"href":"https:\/\/www.ipidcreator.eu\/es\/wp-json\/wp\/v2\/users\/1"}],"replies":[{"embeddable":true,"href":"https:\/\/www.ipidcreator.eu\/es\/wp-json\/wp\/v2\/comments?post=2012"}],"version-history":[{"count":18,"href":"https:\/\/www.ipidcreator.eu\/es\/wp-json\/wp\/v2\/pages\/2012\/revisions"}],"predecessor-version":[{"id":9447,"href":"https:\/\/www.ipidcreator.eu\/es\/wp-json\/wp\/v2\/pages\/2012\/revisions\/9447"}],"wp:attachment":[{"href":"https:\/\/www.ipidcreator.eu\/es\/wp-json\/wp\/v2\/media?parent=2012"}],"curies":[{"name":"wp","href":"https:\/\/api.w.org\/{rel}","templated":true}]}}