{"id":2020,"date":"2023-08-24T19:57:55","date_gmt":"2023-08-24T19:57:55","guid":{"rendered":"https:\/\/themepanthers.com\/nioland\/pages\/?page_id=2020"},"modified":"2025-01-25T21:27:36","modified_gmt":"2025-01-25T19:27:36","slug":"contact-us","status":"publish","type":"page","link":"https:\/\/www.ipidcreator.eu\/de\/contact-us","title":{"rendered":"Kontaktieren Sie uns f\u00fcr Anfragen oder Support"},"content":{"rendered":"<div data-elementor-type=\"wp-page\" data-elementor-id=\"2020\" class=\"elementor elementor-2020\" data-elementor-post-type=\"page\">\n\t\t\t\t\t\t<section class=\"elementor-section elementor-top-section elementor-element elementor-element-d76010b elementor-section-full_width elementor-section-height-default elementor-section-height-default\" data-id=\"d76010b\" data-element_type=\"section\" data-e-type=\"section\" data-settings=\"{&quot;background_background&quot;:&quot;classic&quot;}\">\n\t\t\t\t\t\t<div class=\"elementor-container elementor-column-gap-no\">\n\t\t\t\t\t<div class=\"elementor-column elementor-col-100 elementor-top-column elementor-element elementor-element-57be757\" data-id=\"57be757\" data-element_type=\"column\" data-e-type=\"column\">\n\t\t\t<div class=\"elementor-widget-wrap elementor-element-populated\">\n\t\t\t\t\t\t<div class=\"elementor-element elementor-element-2583b74 elementor-widget elementor-widget-nioland-image-move-v1\" data-id=\"2583b74\" data-element_type=\"widget\" data-e-type=\"widget\" data-widget_type=\"nioland-image-move-v1.default\">\n\t\t\t\t<div class=\"elementor-widget-container\">\n\t\t\t\t\t   <div class=\"move_image_absolute pointer_none animate animate-none animate-duration- animate-delay-\">      \r\n                <img decoding=\"async\" src=\"https:\/\/themepanthers.com\/nioland\/pages\/wp-content\/uploads\/2023\/08\/pattern-1.png\" class=\"class-fluid\" alt=\"alt\" \/>\r\n            <\/div>\r\n    \t\t\t\t<\/div>\n\t\t\t\t<\/div>\n\t\t\t\t<section class=\"elementor-section elementor-inner-section elementor-element elementor-element-1a7c76d elementor-section-boxed elementor-section-height-default elementor-section-height-default\" data-id=\"1a7c76d\" data-element_type=\"section\" data-e-type=\"section\">\n\t\t\t\t\t\t<div class=\"elementor-container elementor-column-gap-default\">\n\t\t\t\t\t<div class=\"elementor-column elementor-col-100 elementor-inner-column elementor-element elementor-element-8d63176\" data-id=\"8d63176\" data-element_type=\"column\" data-e-type=\"column\">\n\t\t\t<div class=\"elementor-widget-wrap elementor-element-populated\">\n\t\t\t\t\t\t<div class=\"elementor-element elementor-element-bf114a5 elementor-widget elementor-widget-nioland-title-v1\" data-id=\"bf114a5\" data-element_type=\"widget\" data-e-type=\"widget\" data-widget_type=\"nioland-title-v1.default\">\n\t\t\t\t<div class=\"elementor-widget-container\">\n\t\t\t\t\t\r\n                    <div class=\"section_title type_one\">\r\n                            <div class=\"overline-title\"> Fragen\n<\/div>\r\n                                        <div class=\"title_whole position-relative\">\r\n                                            <h2 class=\"title\">\r\n                                                    Kontaktieren Sie uns                                                    <\/h2>\r\n                                     \r\n                <\/div>\r\n                                        <p class=\"lead\"> \nKontaktieren Sie uns f\u00fcr alle Anfragen oder Unterst\u00fctzung, die Sie ben\u00f6tigen. Unser engagiertes Team ist bereit, Ihnen zu helfen und die besten L\u00f6sungen anzubieten.<\/p>\r\n                    <\/div>\r\n                    \t\t\t\t<\/div>\n\t\t\t\t<\/div>\n\t\t\t\t\t<\/div>\n\t\t<\/div>\n\t\t\t\t\t<\/div>\n\t\t<\/section>\n\t\t\t\t\t<\/div>\n\t\t<\/div>\n\t\t\t\t\t<\/div>\n\t\t<\/section>\n\t\t\t\t<section class=\"elementor-section elementor-top-section elementor-element elementor-element-7339dec elementor-section-full_width elementor-section-height-default elementor-section-height-default\" data-id=\"7339dec\" data-element_type=\"section\" data-e-type=\"section\" data-settings=\"{&quot;background_background&quot;:&quot;classic&quot;}\">\n\t\t\t\t\t\t<div class=\"elementor-container elementor-column-gap-no\">\n\t\t\t\t\t<div class=\"elementor-column elementor-col-100 elementor-top-column elementor-element elementor-element-b9c8a35\" data-id=\"b9c8a35\" data-element_type=\"column\" data-e-type=\"column\">\n\t\t\t<div class=\"elementor-widget-wrap elementor-element-populated\">\n\t\t\t\t\t\t<section class=\"elementor-section elementor-inner-section elementor-element elementor-element-3598bbc elementor-section-boxed elementor-section-height-default elementor-section-height-default\" data-id=\"3598bbc\" data-element_type=\"section\" data-e-type=\"section\">\n\t\t\t\t\t\t<div class=\"elementor-container elementor-column-gap-extended\">\n\t\t\t\t\t<div class=\"elementor-column elementor-col-50 elementor-inner-column elementor-element elementor-element-de7bd07\" data-id=\"de7bd07\" data-element_type=\"column\" data-e-type=\"column\">\n\t\t\t<div class=\"elementor-widget-wrap elementor-element-populated\">\n\t\t\t\t\t\t<div class=\"elementor-element elementor-element-1d7c78a elementor-widget elementor-widget-nioland-contact-form-v1\" data-id=\"1d7c78a\" data-element_type=\"widget\" data-e-type=\"widget\" data-widget_type=\"nioland-contact-form-v1.default\">\n\t\t\t\t<div class=\"elementor-widget-container\">\n\t\t\t\t\t \r\n    <section class=\"contact_form_box_all\">\r\n        <div class=\"contact_form_shortcode\">\r\n                                                \n<div class=\"wpcf7 no-js\" id=\"wpcf7-f465-o1\" lang=\"en-US\" dir=\"ltr\" data-wpcf7-id=\"465\">\n<div class=\"screen-reader-response\"><p role=\"status\" aria-live=\"polite\" aria-atomic=\"true\"><\/p> <ul><\/ul><\/div>\n<form action=\"\/de\/wp-json\/wp\/v2\/pages\/2020#wpcf7-f465-o1\" method=\"post\" class=\"wpcf7-form init\" aria-label=\"Kontaktformular\" novalidate=\"novalidate\" data-status=\"init\" data-etm-original-action=\"\/de\/wp-json\/wp\/v2\/pages\/2020#wpcf7-f465-o1\">\n<fieldset class=\"hidden-fields-container\"><input type=\"hidden\" name=\"_wpcf7\" value=\"465\" \/><input type=\"hidden\" name=\"_wpcf7_version\" value=\"6.1.5\" \/><input type=\"hidden\" name=\"_wpcf7_locale\" value=\"en_US\" \/><input type=\"hidden\" name=\"_wpcf7_unit_tag\" value=\"wpcf7-f465-o1\" \/><input type=\"hidden\" name=\"_wpcf7_container_post\" value=\"0\" \/><input type=\"hidden\" name=\"_wpcf7_posted_data_hash\" value=\"\" \/>\n<\/fieldset>\n<div class=\"row\">\n\t<div class=\"col-lg-12\">\n\t\t<p><label> Gegenstand <\/label><br \/>\n<span class=\"wpcf7-form-control-wrap\" data-name=\"Subject\"><select class=\"wpcf7-form-control wpcf7-select wpcf7-validates-as-required\" aria-required=\"true\" aria-invalid=\"false\" name=\"Subject\"><option value=\"\">\u2014Bitte w\u00e4hlen Sie eine Option:<\/option><option value=\"Sales question\">Verkaufsfrage<\/option><option value=\"Billing question\">Abrechnungsfrage<\/option><option value=\"Subscription question\">Abonnementfrage<\/option><option value=\"Payment question\">Zahlungsfrage<\/option><option value=\"Feature question\">Feature-Frage<\/option><option value=\"Technical Support question\">Frage zum technischen Support<\/option><option value=\"Account question\">Kontofrage<\/option><option value=\"Other question\">Sonstige Frage<\/option><\/select><\/span>\n\t\t<\/p>\n\t<\/div>\n\t<div class=\"col-lg-12\">\n\t\t<p><label> Vollst\u00e4ndiger Name <\/label><br \/>\n<span class=\"wpcf7-form-control-wrap\" data-name=\"your-name\"><input size=\"40\" maxlength=\"400\" class=\"wpcf7-form-control wpcf7-text wpcf7-validates-as-required\" autocomplete=\"name\" aria-required=\"true\" aria-invalid=\"false\" placeholder=\"Geben Sie Ihren Namen ein\" value=\"\" type=\"text\" name=\"your-name\" \/><\/span>\n\t\t<\/p>\n\t<\/div>\n\t<div class=\"col-lg-6\">\n\t\t<p><label> Organisation <\/label><br \/>\n<span class=\"wpcf7-form-control-wrap\" data-name=\"your-organisation\"><input size=\"40\" maxlength=\"400\" class=\"wpcf7-form-control wpcf7-text wpcf7-validates-as-required\" autocomplete=\"organisation\" aria-required=\"true\" aria-invalid=\"false\" placeholder=\"Geben Sie Ihre Organisation ein\" value=\"\" type=\"text\" name=\"your-organisation\" \/><\/span>\n\t\t<\/p>\n\t<\/div>\n\t<div class=\"col-lg-6\">\n\t\t<p><label> Land <\/label><br \/>\n<span class=\"wpcf7-form-control-wrap\" data-name=\"your-country\"><input size=\"40\" maxlength=\"400\" class=\"wpcf7-form-control wpcf7-text wpcf7-validates-as-required\" autocomplete=\"country\" aria-required=\"true\" aria-invalid=\"false\" placeholder=\"Geben Sie Ihr Land ein\" value=\"\" type=\"text\" name=\"your-country\" \/><\/span>\n\t\t<\/p>\n\t<\/div>\n\t<div class=\"col-lg-6\">\n\t\t<p><label> E-Mail <\/label><br \/>\n<span class=\"wpcf7-form-control-wrap\" data-name=\"your-email\"><input size=\"40\" maxlength=\"400\" class=\"wpcf7-form-control wpcf7-email wpcf7-validates-as-required wpcf7-text wpcf7-validates-as-email\" autocomplete=\"email\" aria-required=\"true\" aria-invalid=\"false\" placeholder=\"Geben Sie Ihre E-Mail-Adresse ein\" value=\"\" type=\"email\" name=\"your-email\" \/><\/span>\n\t\t<\/p>\n\t<\/div>\n\t<div class=\"col-lg-6\">\n\t\t<p><label> Telefon <\/label><br \/>\n<span class=\"wpcf7-form-control-wrap\" data-name=\"phone\"><input size=\"40\" maxlength=\"400\" class=\"wpcf7-form-control wpcf7-text wpcf7-validates-as-required\" aria-required=\"true\" aria-invalid=\"false\" placeholder=\"Geben Sie Ihre Telefonnummer ein\" value=\"\" type=\"text\" name=\"phone\" \/><\/span>\n\t\t<\/p>\n\t<\/div>\n\t<div class=\"col-lg-12\">\n\t\t<p><label> Erz\u00e4hlen Sie uns etwas \u00fcber Ihre Anfrage <\/label><br \/>\n<span class=\"wpcf7-form-control-wrap\" data-name=\"your-message\"><textarea cols=\"40\" rows=\"10\" maxlength=\"2000\" class=\"wpcf7-form-control wpcf7-textarea\" aria-invalid=\"false\" placeholder=\"Geben Sie Ihre Nachricht ein\" name=\"your-message\"><\/textarea><\/span>\n\t\t<\/p>\n\t<\/div>\n\t<div class=\"col-lg-12\">\n\t\t<p><input class=\"wpcf7-form-control wpcf7-submit has-spinner\" type=\"submit\" value=\"Nachricht senden\" \/>\n\t\t<\/p>\n\t<\/div>\n<\/div><p style=\"display: none !important;\" class=\"akismet-fields-container\" data-prefix=\"_wpcf7_ak_\"><label>&#916;<textarea name=\"_wpcf7_ak_hp_textarea\" cols=\"45\" rows=\"8\" maxlength=\"100\"><\/textarea><\/label><input type=\"hidden\" id=\"ak_js_1\" name=\"_wpcf7_ak_js\" value=\"208\"\/><script>document.getElementById( \"ak_js_1\" ).setAttribute( \"value\", ( new Date() ).getTime() );<\/script><\/p><div class=\"wpcf7-response-output\" aria-hidden=\"true\"><\/div>\n<input type=\"hidden\" name=\"etm-form-language\" value=\"de\"\/><\/form>\n<\/div>\n                                \r\n        <\/div>\r\n    <\/section>\r\n \r\n\t\t\t\t\t\t<\/div>\n\t\t\t\t<\/div>\n\t\t\t\t\t<\/div>\n\t\t<\/div>\n\t\t\t\t<div class=\"elementor-column elementor-col-50 elementor-inner-column elementor-element elementor-element-0aee0b0\" data-id=\"0aee0b0\" data-element_type=\"column\" data-e-type=\"column\">\n\t\t\t<div class=\"elementor-widget-wrap elementor-element-populated\">\n\t\t\t\t\t\t<div class=\"elementor-element elementor-element-5ba4d80 elementor-widget elementor-widget-nioland-icon-v1\" data-id=\"5ba4d80\" data-element_type=\"widget\" data-e-type=\"widget\" data-widget_type=\"nioland-icon-v1.default\">\n\t\t\t\t<div class=\"elementor-widget-container\">\n\t\t\t\t\t        \r\n                <div class=\"icon_box_only type_one\">\r\n     \r\n                                                    <div class=\"title_24\">\r\n                    <a href=\"https:\/\/www.ipidcreator.eu\/de\/features\/\"   >    \r\n                        Pl\u00e4ne &amp; Preise                    <\/a>\r\n                <\/div>\r\n                                            <p>\nW\u00e4hlen Sie aus unseren flexiblen Pl\u00e4nen und wettbewerbsf\u00e4higen Preisoptionen, um die besten zu finden <\/p>\r\n                        \r\n                            <a class=\"rd_more\" href=\"https:\/\/www.ipidcreator.eu\/de\/features\/\"   >\r\n                    Preise ansehen<i class=\"ni-arrow-right\"><\/i>\r\n                <\/a> \r\n             \r\n    <\/div>\r\n            \r\n\r\n    \t\t\t\t<\/div>\n\t\t\t\t<\/div>\n\t\t\t\t<div class=\"elementor-element elementor-element-b02aeba elementor-widget elementor-widget-nioland-icon-v1\" data-id=\"b02aeba\" data-element_type=\"widget\" data-e-type=\"widget\" data-widget_type=\"nioland-icon-v1.default\">\n\t\t\t\t<div class=\"elementor-widget-container\">\n\t\t\t\t\t        \r\n                <div class=\"icon_box_only type_one\">\r\n     \r\n                                                    <div class=\"title_24\">\r\n                    <a href=\"https:\/\/www.ipidcreator.eu\/de\/support\/\"   >    \r\n                        \nH\u00e4ufig gestellte Fragen                    <\/a>\r\n                <\/div>\r\n                                            <p>\nFinden Sie Antworten auf h\u00e4ufig gestellte Fragen zu unserem Produkt oder unserer Dienstleistung <\/p>\r\n                        \r\n                            <a class=\"rd_more\" href=\"https:\/\/www.ipidcreator.eu\/de\/support\/\"   >\r\n                     Alle Fragen ansehen<i class=\"ni-arrow-right\"><\/i>\r\n                <\/a> \r\n             \r\n    <\/div>\r\n            \r\n\r\n    \t\t\t\t<\/div>\n\t\t\t\t<\/div>\n\t\t\t\t<div class=\"elementor-element elementor-element-da44528 elementor-widget elementor-widget-nioland-icon-v1\" data-id=\"da44528\" data-element_type=\"widget\" data-e-type=\"widget\" data-widget_type=\"nioland-icon-v1.default\">\n\t\t\t\t<div class=\"elementor-widget-container\">\n\t\t\t\t\t        \r\n                <div class=\"icon_box_only type_one\">\r\n     \r\n                                                    <div class=\"title_24\">\r\n                    <a href=\"\"   >    \r\n                        \nIPIDcreator von DocRevolution                    <\/a>\r\n                <\/div>\r\n                                            <p>\nDocRevolution B.V.<br>\nBinckhorstlaan 36 - C163<br>\n2516 BE Den Haag<br>\n<br>\nTelefon: +31 85 - 400 51 51<br>\n<br>\nNiederl\u00e4ndische Handelskammer: 76073378<\/p>\r\n                        \r\n             \r\n    <\/div>\r\n            \r\n\r\n    \t\t\t\t<\/div>\n\t\t\t\t<\/div>\n\t\t\t\t\t<\/div>\n\t\t<\/div>\n\t\t\t\t\t<\/div>\n\t\t<\/section>\n\t\t\t\t\t<\/div>\n\t\t<\/div>\n\t\t\t\t\t<\/div>\n\t\t<\/section>\n\t\t\t\t<\/div>","protected":false},"excerpt":{"rendered":"<p>Fragen Kontaktieren Sie uns Kontaktieren Sie uns f\u00fcr alle Anfragen oder Unterst\u00fctzung, die Sie ben\u00f6tigen. Unser engagiertes Team ist bereit, Ihnen zu helfen und die besten L\u00f6sungen anzubieten. Betreff \u2014Bitte w\u00e4hlen Sie eine Option\u2014VerkaufsfrageAbrechnungsfrageAbonnementfrageZahlungsfrageFunktionsfrageTechnische SupportfrageKontofrageAndere Frage Vollst\u00e4ndiger Name Organisation Land E-Mail Telefon Erz\u00e4hlen Sie uns etwas \u00fcber Ihre Anfrage \u0394 Pl\u00e4ne [...]<\/p>","protected":false},"author":1,"featured_media":0,"parent":0,"menu_order":0,"comment_status":"closed","ping_status":"closed","template":"template-homepage.php","meta":{"footnotes":""},"class_list":["post-2020","page","type-page","status-publish","hentry"],"yoast_head":"<!-- This site is optimized with the Yoast SEO plugin v27.4 - https:\/\/yoast.com\/product\/yoast-seo-wordpress\/ -->\n<title>Contact Us for any Inquiries or Support - IPIDcreator<\/title>\n<meta name=\"robots\" content=\"index, follow, max-snippet:-1, max-image-preview:large, max-video-preview:-1\" \/>\n<link rel=\"canonical\" href=\"https:\/\/www.ipidcreator.eu\/de\/contact-us\/\" \/>\n<meta property=\"og:locale\" content=\"de_DE\" \/>\n<meta property=\"og:type\" content=\"article\" \/>\n<meta property=\"og:title\" content=\"Contact Us for any Inquiries or Support - IPIDcreator\" \/>\n<meta property=\"og:description\" content=\"questions Contact Us Contact us for any inquiries or support you may need. Our dedicated team is ready to assist you and provide the best solutions. Subject &#8212;Please choose an option&#8212;Sales questionBilling questionSubscription questionPayment questionFeature questionTechnical Support questionAccount questionOther question Full Name Organisation Country Email Phone Tell us a bit about your query &#916; Plans [&hellip;]\" \/>\n<meta property=\"og:url\" content=\"https:\/\/www.ipidcreator.eu\/de\/contact-us\/\" \/>\n<meta property=\"og:site_name\" content=\"IPIDcreator\" \/>\n<meta property=\"article:modified_time\" content=\"2025-01-25T19:27:36+00:00\" \/>\n<meta property=\"og:image\" content=\"https:\/\/themepanthers.com\/nioland\/pages\/wp-content\/uploads\/2023\/08\/pattern-1.png\" \/>\n<meta name=\"twitter:card\" content=\"summary_large_image\" \/>\n<meta name=\"twitter:label1\" content=\"Gesch\u00e4tzte Lesezeit\" \/>\n\t<meta name=\"twitter:data1\" content=\"1\u00a0Minute\" \/>\n<script type=\"application\/ld+json\" class=\"yoast-schema-graph\">{\"@context\":\"https:\\\/\\\/schema.org\",\"@graph\":[{\"@type\":\"WebPage\",\"@id\":\"https:\\\/\\\/www.ipidcreator.eu\\\/contact-us\",\"url\":\"https:\\\/\\\/www.ipidcreator.eu\\\/contact-us\",\"name\":\"Contact Us for any Inquiries or Support - IPIDcreator\",\"isPartOf\":{\"@id\":\"https:\\\/\\\/www.ipidcreator.eu\\\/#website\"},\"primaryImageOfPage\":{\"@id\":\"https:\\\/\\\/www.ipidcreator.eu\\\/contact-us#primaryimage\"},\"image\":{\"@id\":\"https:\\\/\\\/www.ipidcreator.eu\\\/contact-us#primaryimage\"},\"thumbnailUrl\":\"https:\\\/\\\/themepanthers.com\\\/nioland\\\/pages\\\/wp-content\\\/uploads\\\/2023\\\/08\\\/pattern-1.png\",\"datePublished\":\"2023-08-24T19:57:55+00:00\",\"dateModified\":\"2025-01-25T19:27:36+00:00\",\"breadcrumb\":{\"@id\":\"https:\\\/\\\/www.ipidcreator.eu\\\/contact-us#breadcrumb\"},\"inLanguage\":\"de\",\"potentialAction\":[{\"@type\":\"ReadAction\",\"target\":[\"https:\\\/\\\/www.ipidcreator.eu\\\/contact-us\"]}]},{\"@type\":\"ImageObject\",\"inLanguage\":\"de\",\"@id\":\"https:\\\/\\\/www.ipidcreator.eu\\\/contact-us#primaryimage\",\"url\":\"https:\\\/\\\/themepanthers.com\\\/nioland\\\/pages\\\/wp-content\\\/uploads\\\/2023\\\/08\\\/pattern-1.png\",\"contentUrl\":\"https:\\\/\\\/themepanthers.com\\\/nioland\\\/pages\\\/wp-content\\\/uploads\\\/2023\\\/08\\\/pattern-1.png\"},{\"@type\":\"BreadcrumbList\",\"@id\":\"https:\\\/\\\/www.ipidcreator.eu\\\/contact-us#breadcrumb\",\"itemListElement\":[{\"@type\":\"ListItem\",\"position\":1,\"name\":\"Home\",\"item\":\"https:\\\/\\\/www.ipidcreator.eu\\\/\"},{\"@type\":\"ListItem\",\"position\":2,\"name\":\"Contact Us for any Inquiries or Support\"}]},{\"@type\":\"WebSite\",\"@id\":\"https:\\\/\\\/www.ipidcreator.eu\\\/#website\",\"url\":\"https:\\\/\\\/www.ipidcreator.eu\\\/\",\"name\":\"IPIDcreator - Create Insurance Product Information Documents (IPIDs) Online\",\"description\":\"Create and Publish your IPIDs Online\",\"publisher\":{\"@id\":\"https:\\\/\\\/www.ipidcreator.eu\\\/#organization\"},\"potentialAction\":[{\"@type\":\"SearchAction\",\"target\":{\"@type\":\"EntryPoint\",\"urlTemplate\":\"https:\\\/\\\/www.ipidcreator.eu\\\/?s={search_term_string}\"},\"query-input\":{\"@type\":\"PropertyValueSpecification\",\"valueRequired\":true,\"valueName\":\"search_term_string\"}}],\"inLanguage\":\"de\"},{\"@type\":\"Organization\",\"@id\":\"https:\\\/\\\/www.ipidcreator.eu\\\/#organization\",\"name\":\"IPIDcreator by DocRevolution\",\"url\":\"https:\\\/\\\/www.ipidcreator.eu\\\/\",\"logo\":{\"@type\":\"ImageObject\",\"inLanguage\":\"de\",\"@id\":\"https:\\\/\\\/www.ipidcreator.eu\\\/#\\\/schema\\\/logo\\\/image\\\/\",\"url\":\"https:\\\/\\\/www.ipidcreator.eu\\\/wp-content\\\/uploads\\\/2023\\\/07\\\/IPID-creator_application_logo.png\",\"contentUrl\":\"https:\\\/\\\/www.ipidcreator.eu\\\/wp-content\\\/uploads\\\/2023\\\/07\\\/IPID-creator_application_logo.png\",\"width\":252,\"height\":48,\"caption\":\"IPIDcreator by DocRevolution\"},\"image\":{\"@id\":\"https:\\\/\\\/www.ipidcreator.eu\\\/#\\\/schema\\\/logo\\\/image\\\/\"}}]}<\/script>\n<!-- \/ Yoast SEO plugin. -->","yoast_head_json":{"title":"Contact Us for any Inquiries or Support - IPIDcreator","robots":{"index":"index","follow":"follow","max-snippet":"max-snippet:-1","max-image-preview":"max-image-preview:large","max-video-preview":"max-video-preview:-1"},"canonical":"https:\/\/www.ipidcreator.eu\/de\/contact-us\/","og_locale":"de_DE","og_type":"article","og_title":"Contact Us for any Inquiries or Support - IPIDcreator","og_description":"questions Contact Us Contact us for any inquiries or support you may need. Our dedicated team is ready to assist you and provide the best solutions. Subject &#8212;Please choose an option&#8212;Sales questionBilling questionSubscription questionPayment questionFeature questionTechnical Support questionAccount questionOther question Full Name Organisation Country Email Phone Tell us a bit about your query &#916; Plans [&hellip;]","og_url":"https:\/\/www.ipidcreator.eu\/de\/contact-us\/","og_site_name":"IPIDcreator","article_modified_time":"2025-01-25T19:27:36+00:00","og_image":[{"url":"https:\/\/themepanthers.com\/nioland\/pages\/wp-content\/uploads\/2023\/08\/pattern-1.png","type":"","width":"","height":""}],"twitter_card":"summary_large_image","twitter_misc":{"Gesch\u00e4tzte Lesezeit":"1\u00a0Minute"},"schema":{"@context":"https:\/\/schema.org","@graph":[{"@type":"WebPage","@id":"https:\/\/www.ipidcreator.eu\/contact-us","url":"https:\/\/www.ipidcreator.eu\/contact-us","name":"Contact Us for any Inquiries or Support - IPIDcreator","isPartOf":{"@id":"https:\/\/www.ipidcreator.eu\/#website"},"primaryImageOfPage":{"@id":"https:\/\/www.ipidcreator.eu\/contact-us#primaryimage"},"image":{"@id":"https:\/\/www.ipidcreator.eu\/contact-us#primaryimage"},"thumbnailUrl":"https:\/\/themepanthers.com\/nioland\/pages\/wp-content\/uploads\/2023\/08\/pattern-1.png","datePublished":"2023-08-24T19:57:55+00:00","dateModified":"2025-01-25T19:27:36+00:00","breadcrumb":{"@id":"https:\/\/www.ipidcreator.eu\/contact-us#breadcrumb"},"inLanguage":"de","potentialAction":[{"@type":"ReadAction","target":["https:\/\/www.ipidcreator.eu\/contact-us"]}]},{"@type":"ImageObject","inLanguage":"de","@id":"https:\/\/www.ipidcreator.eu\/contact-us#primaryimage","url":"https:\/\/themepanthers.com\/nioland\/pages\/wp-content\/uploads\/2023\/08\/pattern-1.png","contentUrl":"https:\/\/themepanthers.com\/nioland\/pages\/wp-content\/uploads\/2023\/08\/pattern-1.png"},{"@type":"BreadcrumbList","@id":"https:\/\/www.ipidcreator.eu\/contact-us#breadcrumb","itemListElement":[{"@type":"ListItem","position":1,"name":"Home","item":"https:\/\/www.ipidcreator.eu\/"},{"@type":"ListItem","position":2,"name":"Contact Us for any Inquiries or Support"}]},{"@type":"WebSite","@id":"https:\/\/www.ipidcreator.eu\/#website","url":"https:\/\/www.ipidcreator.eu\/","name":"IPIDcreator - Create Insurance Product Information Documents (IPIDs) Online","description":"Create and Publish your IPIDs Online","publisher":{"@id":"https:\/\/www.ipidcreator.eu\/#organization"},"potentialAction":[{"@type":"SearchAction","target":{"@type":"EntryPoint","urlTemplate":"https:\/\/www.ipidcreator.eu\/?s={search_term_string}"},"query-input":{"@type":"PropertyValueSpecification","valueRequired":true,"valueName":"search_term_string"}}],"inLanguage":"de"},{"@type":"Organization","@id":"https:\/\/www.ipidcreator.eu\/#organization","name":"IPIDcreator by DocRevolution","url":"https:\/\/www.ipidcreator.eu\/","logo":{"@type":"ImageObject","inLanguage":"de","@id":"https:\/\/www.ipidcreator.eu\/#\/schema\/logo\/image\/","url":"https:\/\/www.ipidcreator.eu\/wp-content\/uploads\/2023\/07\/IPID-creator_application_logo.png","contentUrl":"https:\/\/www.ipidcreator.eu\/wp-content\/uploads\/2023\/07\/IPID-creator_application_logo.png","width":252,"height":48,"caption":"IPIDcreator by DocRevolution"},"image":{"@id":"https:\/\/www.ipidcreator.eu\/#\/schema\/logo\/image\/"}}]}},"_links":{"self":[{"href":"https:\/\/www.ipidcreator.eu\/de\/wp-json\/wp\/v2\/pages\/2020","targetHints":{"allow":["GET"]}}],"collection":[{"href":"https:\/\/www.ipidcreator.eu\/de\/wp-json\/wp\/v2\/pages"}],"about":[{"href":"https:\/\/www.ipidcreator.eu\/de\/wp-json\/wp\/v2\/types\/page"}],"author":[{"embeddable":true,"href":"https:\/\/www.ipidcreator.eu\/de\/wp-json\/wp\/v2\/users\/1"}],"replies":[{"embeddable":true,"href":"https:\/\/www.ipidcreator.eu\/de\/wp-json\/wp\/v2\/comments?post=2020"}],"version-history":[{"count":30,"href":"https:\/\/www.ipidcreator.eu\/de\/wp-json\/wp\/v2\/pages\/2020\/revisions"}],"predecessor-version":[{"id":9441,"href":"https:\/\/www.ipidcreator.eu\/de\/wp-json\/wp\/v2\/pages\/2020\/revisions\/9441"}],"wp:attachment":[{"href":"https:\/\/www.ipidcreator.eu\/de\/wp-json\/wp\/v2\/media?parent=2020"}],"curies":[{"name":"wp","href":"https:\/\/api.w.org\/{rel}","templated":true}]}}